{"id":19940,"date":"2025-04-11T12:19:44","date_gmt":"2025-04-11T15:19:44","guid":{"rendered":"https:\/\/www.beyondprompting.com\/?page_id=19940"},"modified":"2025-04-14T11:31:18","modified_gmt":"2025-04-14T14:31:18","slug":"test-javascript","status":"publish","type":"page","link":"https:\/\/www.beyondprompting.com\/es\/test-javascript\/","title":{"rendered":"Prueba Javascript"},"content":{"rendered":"<p>Este es un texto de prueba<\/p><p><strong>Este es un texto de prueba en negrita<\/strong><\/p><p><a href=\"https:\/\/www.beyondprompting.com\/es\/cases\/\" data-type=\"page\" data-id=\"19857\">prueba de enlace din\u00e1mico<\/a><\/p><p><a href=\"http:\/\/www.google.com\" class=\"external\">enlace de prueba absoluta<\/a><\/p><figure class=\"wp-block-image size-full\"><img decoding=\"async\" width=\"200\" height=\"200\" src=\"https:\/\/www.beyondprompting.com\/wp-content\/uploads\/2025\/02\/mooowww_logo.jpeg\" alt=\"\" class=\"wp-image-19893\" srcset=\"https:\/\/www.beyondprompting.com\/wp-content\/uploads\/2025\/02\/mooowww_logo.jpeg 200w, https:\/\/www.beyondprompting.com\/wp-content\/uploads\/2025\/02\/mooowww_logo-150x150.jpeg 150w, https:\/\/www.beyondprompting.com\/wp-content\/uploads\/2025\/02\/mooowww_logo-12x12.jpeg 12w, https:\/\/www.beyondprompting.com\/wp-content\/uploads\/2025\/02\/mooowww_logo-100x100.jpeg 100w\" sizes=\"(max-width: 200px) 100vw, 200px\" \/><\/figure><figure class=\"wp-block-image size-large\"><img decoding=\"async\" src=\"https:\/\/www.dabhandmarketing.com\/assets\/external\/6571b705bd514758e1b5f76c_64a6d47823b7307e19695d55_60e6d27bde5aca88c458b761_1.webp\" alt=\"\"\/><\/figure><p><iframe src=\"https:\/\/radio.beyondprompting.live\/public\/beyond_prompting\/embed\" frameborder=\"0\" allowtransparency=\"true\" style=\"width: 100%; min-height: 150px; border: 0;\"><\/iframe><\/p><figure class=\"wp-block-embed is-type-video is-provider-youtube wp-block-embed-youtube wp-embed-aspect-16-9 wp-has-aspect-ratio\"><div class=\"wp-block-embed__wrapper\">\n<iframe title=\"M\u00e1s all\u00e1 de la televisi\u00f3n - \u00c9xitos musicales Vol. 3\" width=\"1140\" height=\"641\" src=\"https:\/\/www.youtube.com\/embed\/VRZFzWIOPIc?feature=oembed\" frameborder=\"0\" allow=\"accelerometer; autoplay; clipboard-write; encrypted-media; gyroscope; picture-in-picture; web-share\" referrerpolicy=\"strict-origin-when-cross-origin\" allowfullscreen><\/iframe>\n<\/div><\/figure><figure class=\"wp-block-gallery has-nested-images columns-default is-cropped wp-block-gallery-1 is-layout-flex wp-block-gallery-is-layout-flex\"><figure class=\"wp-block-image size-large\"><img fetchpriority=\"high\" decoding=\"async\" width=\"1024\" height=\"1024\" data-id=\"19750\" src=\"https:\/\/www.beyondprompting.com\/wp-content\/uploads\/2025\/02\/Youtube.png\" alt=\"\" class=\"wp-image-19750\" srcset=\"https:\/\/www.beyondprompting.com\/wp-content\/uploads\/2025\/02\/Youtube.png 1024w, https:\/\/www.beyondprompting.com\/wp-content\/uploads\/2025\/02\/Youtube-300x300.png 300w, https:\/\/www.beyondprompting.com\/wp-content\/uploads\/2025\/02\/Youtube-150x150.png 150w, https:\/\/www.beyondprompting.com\/wp-content\/uploads\/2025\/02\/Youtube-768x768.png 768w, https:\/\/www.beyondprompting.com\/wp-content\/uploads\/2025\/02\/Youtube-12x12.png 12w, https:\/\/www.beyondprompting.com\/wp-content\/uploads\/2025\/02\/Youtube-600x600.png 600w, https:\/\/www.beyondprompting.com\/wp-content\/uploads\/2025\/02\/Youtube-100x100.png 100w\" sizes=\"(max-width: 1024px) 100vw, 1024px\" \/><figcaption class=\"wp-element-caption\">imagen de YouTube imagen de YouTube imagen de YouTube imagen de YouTube imagen de YouTube imagen de YouTube imagen de YouTube imagen de YouTube imagen de YouTube imagen de YouTube imagen de YouTube imagen de YouTube imagen de YouTube imagen de YouTube imagen de YouTube imagen de YouTube imagen de YouTube imagen de YouTube imagen de YouTube imagen de YouTube imagen de YouTube imagen de YouTube imagen de YouTube imagen de YouTube imagen de YouTube imagen de YouTube imagen de YouTube imagen de YouTube imagen de YouTube imagen de YouTube<\/figcaption><\/figure>\n\n<figure class=\"wp-block-image size-large\"><img decoding=\"async\" width=\"1024\" height=\"1024\" data-id=\"19749\" src=\"https:\/\/www.beyondprompting.com\/wp-content\/uploads\/2025\/02\/Spotify.png\" alt=\"\" class=\"wp-image-19749\" srcset=\"https:\/\/www.beyondprompting.com\/wp-content\/uploads\/2025\/02\/Spotify.png 1024w, https:\/\/www.beyondprompting.com\/wp-content\/uploads\/2025\/02\/Spotify-300x300.png 300w, https:\/\/www.beyondprompting.com\/wp-content\/uploads\/2025\/02\/Spotify-150x150.png 150w, https:\/\/www.beyondprompting.com\/wp-content\/uploads\/2025\/02\/Spotify-768x768.png 768w, https:\/\/www.beyondprompting.com\/wp-content\/uploads\/2025\/02\/Spotify-12x12.png 12w, https:\/\/www.beyondprompting.com\/wp-content\/uploads\/2025\/02\/Spotify-600x600.png 600w, https:\/\/www.beyondprompting.com\/wp-content\/uploads\/2025\/02\/Spotify-100x100.png 100w\" sizes=\"(max-width: 1024px) 100vw, 1024px\" \/><figcaption class=\"wp-element-caption\">imagen de Spotify<\/figcaption><\/figure><figcaption class=\"blocks-gallery-caption wp-element-caption\">Este es el texto principal del componente de galer\u00eda.<\/figcaption><\/figure><p><\/p>","protected":false},"excerpt":{"rendered":"<p>this a test text this is a bold test text dynamic link test absolute test link<\/p>","protected":false},"author":1,"featured_media":0,"parent":0,"menu_order":0,"comment_status":"closed","ping_status":"closed","template":"","meta":{"footnotes":""},"class_list":["post-19940","page","type-page","status-publish","hentry","entry"],"_links":{"self":[{"href":"https:\/\/www.beyondprompting.com\/es\/wp-json\/wp\/v2\/pages\/19940","targetHints":{"allow":["GET"]}}],"collection":[{"href":"https:\/\/www.beyondprompting.com\/es\/wp-json\/wp\/v2\/pages"}],"about":[{"href":"https:\/\/www.beyondprompting.com\/es\/wp-json\/wp\/v2\/types\/page"}],"author":[{"embeddable":true,"href":"https:\/\/www.beyondprompting.com\/es\/wp-json\/wp\/v2\/users\/1"}],"replies":[{"embeddable":true,"href":"https:\/\/www.beyondprompting.com\/es\/wp-json\/wp\/v2\/comments?post=19940"}],"version-history":[{"count":5,"href":"https:\/\/www.beyondprompting.com\/es\/wp-json\/wp\/v2\/pages\/19940\/revisions"}],"predecessor-version":[{"id":19960,"href":"https:\/\/www.beyondprompting.com\/es\/wp-json\/wp\/v2\/pages\/19940\/revisions\/19960"}],"wp:attachment":[{"href":"https:\/\/www.beyondprompting.com\/es\/wp-json\/wp\/v2\/media?parent=19940"}],"curies":[{"name":"gracias","href":"https:\/\/api.w.org\/{rel}","templated":true}]}}