{"id":19857,"date":"2025-02-23T14:59:28","date_gmt":"2025-02-23T17:59:28","guid":{"rendered":"https:\/\/www.beyondprompting.com\/?page_id=19857"},"modified":"2025-04-29T11:08:25","modified_gmt":"2025-04-29T14:08:25","slug":"cases","status":"publish","type":"page","link":"https:\/\/www.beyondprompting.com\/es\/cases\/","title":{"rendered":"Casos"},"content":{"rendered":"<div data-elementor-type=\"wp-page\" data-elementor-id=\"19857\" class=\"elementor elementor-19857\">\n\t\t\t\t<div class=\"elementor-element elementor-element-e917d36 e-flex e-con-boxed e-con e-parent\" data-id=\"e917d36\" data-element_type=\"container\" data-e-type=\"container\" data-settings=\"{&quot;background_background&quot;:&quot;classic&quot;}\">\n\t\t\t\t\t<div class=\"e-con-inner\">\n\t\t<div class=\"elementor-element elementor-element-7d5443b e-con-full e-flex e-con e-child\" data-id=\"7d5443b\" data-element_type=\"container\" data-e-type=\"container\">\n\t\t\t\t<div class=\"elementor-element elementor-element-a9fd56e elementor-widget elementor-widget-killar-heading\" data-id=\"a9fd56e\" data-element_type=\"widget\" data-e-type=\"widget\" data-widget_type=\"killar-heading.default\">\n\t\t\t\t<div class=\"elementor-widget-container\">\n\t\t\t\t\t<div id=\"killar-heading-69f050b897b1c\" class=\"killar-element killar-heading\">\n\t<div class=\"kwt-heading\"><h1 class=\"bx-title\">Casos<\/h1><p class=\"bx-content\">Explora algunos de nuestros experimentos y productos recientes.<\/p><\/div><\/div>\t\t\t\t<\/div>\n\t\t\t\t<\/div>\n\t\t\t\t<\/div>\n\t\t\t\t\t<\/div>\n\t\t\t\t<\/div>\n\t\t<div class=\"elementor-element elementor-element-e11519a e-con-full e-flex e-con e-parent\" data-id=\"e11519a\" data-element_type=\"container\" data-e-type=\"container\" data-settings=\"{&quot;background_background&quot;:&quot;classic&quot;}\">\n\t\t\t\t<div class=\"elementor-element elementor-element-5e3fb3a elementor-invisible elementor-widget elementor-widget-killar-portfolio\" data-id=\"5e3fb3a\" data-element_type=\"widget\" data-e-type=\"widget\" data-widget_type=\"killar-portfolio.default\">\n\t\t\t\t<div class=\"elementor-widget-container\">\n\t\t\t\t\t<div id=\"killar-portfolio-69f050b8a249a\" class=\"killar-element killar-portfolio portfolio-area kwt-portfolio\" data-aos=\"fade-up\">\n\t\t<div class=\"portfolio-posts view-carousel portfolio-carousel portfolio-style-box1 items-cen-cont kwt-slick-slider  nav-slider-middle\" data-items=\"1\" data-items-xxl=\"1\" data-items-xl=\"2\" data-items-lg=\"2\" data-items-md=\"2\" data-items-sm=\"1\" data-items-xs=\"1\" data-items-xxs=\"1\" data-nav=\"1\" data-infinite=\"1\" data-dots=\"1\" data-speed=\"500\" data-autoplay=\"1\" data-center-mode=\"1\" data-variable-width=\"1\" data-variable-width-tablet=\"1\" data-variable-width-mobile=\"1\" data-adaptive-height=\"1\"><div class=\"item-entry shortcode-item-entry port-carousel-item  justify-content-center post-19571 portfolio type-portfolio status-publish has-post-thumbnail hentry portfolio-cat-product entry\">\n\t<div class=\"single-portfolio home3-single-project position-relative over-hidden\">\n\t\t<div class=\"entry-post portfolio-post text-center gallery-image\">\n\t\t\t\t<div class=\"entry-thumbnail-wrapper portfolio-post-img overflow-hidden\">\n\t<a href=\"https:\/\/www.beyondprompting.com\/es\/portfolio\/ai-agency\/\"> <img fetchpriority=\"high\" decoding=\"async\" width=\"800\" height=\"600\" src=\"https:\/\/www.beyondprompting.com\/wp-content\/uploads\/2025\/02\/ai-agency-highlight.png\" class=\"img-fluid rounded-4 attachment-large\" alt=\"\" \/><\/a><\/div>\n\t\t<div class=\"entry-content-wrapper project-over-content w-100 position-absolute left-0 ps-4 pe-4 pb-3 pt-4 z-1 text-white text-center\">\n\t\t\t\t\t\t\t\t\t<h2 class=\"text-white color-inherit fs-4\"><a href=\"https:\/\/www.beyondprompting.com\/es\/portfolio\/ai-agency\/\" rel=\"bookmark\">Agencia de inteligencia artificial<\/a><\/h2>\t\t\t<div class=\"entry-content\">\n\tUn marco de trabajo experimental en el que un equipo de participantes humanos y de IA intercambian ideas para desaf\u00edos creativos concretos. Un director puede guiar a los agentes de IA desde una sala de control personalizada.\t\n<\/div>\t\t\t\t\t\t\t\t<\/div>\n\t\t<div class=\"entry-read-more d-flex align-items-center port-content text-center position-absolute transition5 z-1\">\n\t<a href=\"https:\/\/www.beyondprompting.com\/es\/portfolio\/ai-agency\/\" class=\"read-more-icon-elink-link theme-color d-inline-block\">\n\t\t\t\t<i class=\"fas fa-external-link-alt\"><\/i>\n\t\t \n\t<\/a>\n<\/div>\t\t\t\t<\/div>\n\t<\/div>\n<\/div>\n<div class=\"item-entry shortcode-item-entry port-carousel-item  justify-content-center post-19676 portfolio type-portfolio status-publish has-post-thumbnail hentry portfolio-cat-product entry\">\n\t<div class=\"single-portfolio home3-single-project position-relative over-hidden\">\n\t\t<div class=\"entry-post portfolio-post text-center gallery-image\">\n\t\t\t\t<div class=\"entry-thumbnail-wrapper portfolio-post-img overflow-hidden\">\n\t<a href=\"https:\/\/www.beyondprompting.com\/es\/portfolio\/ai-recordz\/\"> <img decoding=\"async\" width=\"800\" height=\"600\" src=\"https:\/\/www.beyondprompting.com\/wp-content\/uploads\/2025\/02\/ai-recordz-highlight.png\" class=\"img-fluid rounded-4 attachment-large\" alt=\"\" \/><\/a><\/div>\n\t\t<div class=\"entry-content-wrapper project-over-content w-100 position-absolute left-0 ps-4 pe-4 pb-3 pt-4 z-1 text-white text-center\">\n\t\t\t\t\t\t\t\t\t<h2 class=\"text-white color-inherit fs-4\"><a href=\"https:\/\/www.beyondprompting.com\/es\/portfolio\/ai-recordz\/\" rel=\"bookmark\">AI Recordz<\/a><\/h2>\t\t\t<div class=\"entry-content\">\n\tDisponible en Spotify, YouTube y m\u00e1s, nuestro sello impulsado por IA produce pistas, \u00e1lbumes y videos musicales originales, todos generados por modelos de IA de vanguardia.\t\n<\/div>\t\t\t\t\t\t\t\t<\/div>\n\t\t<div class=\"entry-read-more d-flex align-items-center port-content text-center position-absolute transition5 z-1\">\n\t<a href=\"https:\/\/www.beyondprompting.com\/es\/portfolio\/ai-recordz\/\" class=\"read-more-icon-elink-link theme-color d-inline-block\">\n\t\t\t\t<i class=\"fas fa-external-link-alt\"><\/i>\n\t\t \n\t<\/a>\n<\/div>\t\t\t\t<\/div>\n\t<\/div>\n<\/div>\n<div class=\"item-entry shortcode-item-entry port-carousel-item  justify-content-center post-19566 portfolio type-portfolio status-publish has-post-thumbnail hentry portfolio-cat-product entry\">\n\t<div class=\"single-portfolio home3-single-project position-relative over-hidden\">\n\t\t<div class=\"entry-post portfolio-post text-center gallery-image\">\n\t\t\t\t<div class=\"entry-thumbnail-wrapper portfolio-post-img overflow-hidden\">\n\t<a href=\"https:\/\/www.beyondprompting.com\/es\/portfolio\/beyond-radio\/\"> <img decoding=\"async\" width=\"800\" height=\"600\" src=\"https:\/\/www.beyondprompting.com\/wp-content\/uploads\/2025\/02\/beyond-radio-highlight.png\" class=\"img-fluid rounded-4 attachment-large\" alt=\"\" \/><\/a><\/div>\n\t\t<div class=\"entry-content-wrapper project-over-content w-100 position-absolute left-0 ps-4 pe-4 pb-3 pt-4 z-1 text-white text-center\">\n\t\t\t\t\t\t\t\t\t<h2 class=\"text-white color-inherit fs-4\"><a href=\"https:\/\/www.beyondprompting.com\/es\/portfolio\/beyond-radio\/\" rel=\"bookmark\">M\u00e1s all\u00e1 de la radio<\/a><\/h2>\t\t\t<div class=\"entry-content\">\n\tUna estaci\u00f3n de radio por Internet que transmite contenido impulsado por inteligencia artificial las 24 horas del d\u00eda, los 7 d\u00edas de la semana, que explora la intersecci\u00f3n de la tecnolog\u00eda y la m\u00fasica, generando un flujo de sonido en constante cambio sin intervenci\u00f3n humana.\t\n<\/div>\t\t\t\t\t\t\t\t<\/div>\n\t\t<div class=\"entry-read-more d-flex align-items-center port-content text-center position-absolute transition5 z-1\">\n\t<a href=\"https:\/\/www.beyondprompting.com\/es\/portfolio\/beyond-radio\/\" class=\"read-more-icon-elink-link theme-color d-inline-block\">\n\t\t\t\t<i class=\"fas fa-external-link-alt\"><\/i>\n\t\t \n\t<\/a>\n<\/div>\t\t\t\t<\/div>\n\t<\/div>\n<\/div>\n<\/div><\/div>\t\t\t\t<\/div>\n\t\t\t\t<\/div>\n\t\t\t\t<\/div>\n\t\t<div class=\"elementor-element elementor-element-bb13569 e-flex e-con-boxed e-con e-parent\" data-id=\"bb13569\" data-element_type=\"container\" data-e-type=\"container\" data-settings=\"{&quot;background_background&quot;:&quot;classic&quot;}\">\n\t\t\t\t\t<div class=\"e-con-inner\">\n\t\t<div class=\"elementor-element elementor-element-e76069e e-con-full e-flex e-con e-child\" data-id=\"e76069e\" data-element_type=\"container\" data-e-type=\"container\">\n\t\t\t\t<div class=\"elementor-element elementor-element-863c57b elementor-invisible elementor-widget elementor-widget-killar-heading\" data-id=\"863c57b\" data-element_type=\"widget\" data-e-type=\"widget\" data-widget_type=\"killar-heading.default\">\n\t\t\t\t<div class=\"elementor-widget-container\">\n\t\t\t\t\t<div id=\"killar-heading-69f050b8a4ce0\" class=\"killar-element killar-heading\">\n\t<div class=\"kwt-heading\" data-aos=\"fade-up\"><p class=\"bx-content\">Conozca algunos de los clientes que confiaron en nosotros para desarrollar proyectos de IA a medida<\/p><\/div><\/div>\t\t\t\t<\/div>\n\t\t\t\t<\/div>\n\t\t\t\t<\/div>\n\t\t\t\t\t<\/div>\n\t\t\t\t<\/div>\n\t\t<div class=\"elementor-element elementor-element-bfdae2a e-con-full e-flex e-con e-parent\" data-id=\"bfdae2a\" data-element_type=\"container\" data-e-type=\"container\" data-settings=\"{&quot;background_background&quot;:&quot;classic&quot;}\">\n\t\t\t\t<div class=\"elementor-element elementor-element-36f4814 elementor-invisible elementor-widget elementor-widget-killar-portfolio\" data-id=\"36f4814\" data-element_type=\"widget\" data-e-type=\"widget\" data-widget_type=\"killar-portfolio.default\">\n\t\t\t\t<div class=\"elementor-widget-container\">\n\t\t\t\t\t<div id=\"killar-portfolio-69f050b8a549b\" class=\"killar-element killar-portfolio portfolio-area kwt-portfolio\" data-aos=\"fade-up\">\n\t\t<div class=\"portfolio-posts view-grid-light portfolio-grid-light portfolio-style-box1 row gy-4 gx-lg-4 shuffle portfolio-grid-2cols\" data-items=\"2\" data-items-xxl=\"2\" data-items-xl=\"2\" data-items-lg=\"2\" data-items-md=\"2\" data-items-sm=\"2\" data-items-xs=\"2\" data-items-xxs=\"1\"><div class=\"masonry-item client item-entry shortcode-item-entry port-carousel-item col-xxl-6 col-xl-6 col-lg-6 col-md-6 col-sm-6 col-6 col-x12 post-19657 portfolio type-portfolio status-publish has-post-thumbnail hentry portfolio-cat-client entry\">\n\t<div class=\"single-portfolio home3-single-project position-relative over-hidden\">\n\t\t<div class=\"entry-post portfolio-post gallery-image priocs rounded-4 bg-white p-3 text-center\">\n\t\t\t\t<div class=\"entry-thumbnail-wrapper portfolio-post-img overflow-hidden\">\n\t<a href=\"https:\/\/www.beyondprompting.com\/es\/portfolio\/mow-news-summarizer\/\"> <img loading=\"lazy\" decoding=\"async\" width=\"200\" height=\"200\" src=\"https:\/\/www.beyondprompting.com\/wp-content\/uploads\/2025\/02\/mooowww_logo.jpeg\" class=\"img-fluid rounded-4 attachment-medium\" alt=\"\" \/><\/a><\/div>\n\t\t<div class=\"entry-content-wrapper project-over-content w-100 position-absolute left-0 ps-4 pe-4 pb-3 pt-4 z-1 text-white text-center\">\n\t\t\t\t\t\t\t\t\t<h2 class=\"text-white color-inherit fs-4\"><a href=\"https:\/\/www.beyondprompting.com\/es\/portfolio\/mow-news-summarizer\/\" rel=\"bookmark\">Resumen de noticias de MOW<\/a><\/h2>\t\t\t\t\t\t\t\t\t\t\t<\/div>\n\t\t\t\t\t\t<\/div>\n\t<\/div>\n<\/div>\n<div class=\"masonry-item client item-entry shortcode-item-entry port-carousel-item col-xxl-6 col-xl-6 col-lg-6 col-md-6 col-sm-6 col-6 col-x12 post-19509 portfolio type-portfolio status-publish has-post-thumbnail hentry portfolio-cat-client entry\">\n\t<div class=\"single-portfolio home3-single-project position-relative over-hidden\">\n\t\t<div class=\"entry-post portfolio-post gallery-image priocs rounded-4 bg-white p-3 text-center\">\n\t\t\t\t<div class=\"entry-thumbnail-wrapper portfolio-post-img overflow-hidden\">\n\t<a href=\"https:\/\/www.beyondprompting.com\/es\/portfolio\/tours-by-locals\/\"> <img loading=\"lazy\" decoding=\"async\" width=\"200\" height=\"200\" src=\"https:\/\/www.beyondprompting.com\/wp-content\/uploads\/2025\/02\/toursbylocals-squareLogo-1717186253526.webp\" class=\"img-fluid rounded-4 attachment-medium\" alt=\"\" \/><\/a><\/div>\n\t\t<div class=\"entry-content-wrapper project-over-content w-100 position-absolute left-0 ps-4 pe-4 pb-3 pt-4 z-1 text-white text-center\">\n\t\t\t\t\t\t\t\t\t<h2 class=\"text-white color-inherit fs-4\"><a href=\"https:\/\/www.beyondprompting.com\/es\/portfolio\/tours-by-locals\/\" rel=\"bookmark\">Tours por locales<\/a><\/h2>\t\t\t\t\t\t\t\t\t\t\t<\/div>\n\t\t\t\t\t\t<\/div>\n\t<\/div>\n<\/div>\n<\/div><\/div>\t\t\t\t<\/div>\n\t\t\t\t<\/div>\n\t\t\t\t<\/div>\n\t\t<div class=\"elementor-element elementor-element-419e4c35 e-con-full bg-light-info e-flex e-con e-parent\" data-id=\"419e4c35\" data-element_type=\"container\" data-e-type=\"container\">\n\t\t<div class=\"elementor-element elementor-element-1b2f647a e-con-full e-flex e-con e-child\" data-id=\"1b2f647a\" data-element_type=\"container\" data-e-type=\"container\">\n\t\t\t\t<div class=\"elementor-element elementor-element-5e850022 elementor-invisible elementor-widget elementor-widget-killar-heading\" data-id=\"5e850022\" data-element_type=\"widget\" data-e-type=\"widget\" data-widget_type=\"killar-heading.default\">\n\t\t\t\t<div class=\"elementor-widget-container\">\n\t\t\t\t\t<div id=\"killar-heading-69f050b8a7a4f\" class=\"killar-element killar-heading txt-left\">\n\t<div class=\"kwt-heading\" data-aos=\"fade-up\" data-aos-duration=\"1\"><h1 class=\"bx-title mb-4\">Ponerse en contacto<\/h1><p class=\"bx-content font--semibold lh-36px fs-5 fw-light fs-mob mb-0\">Hablemos de este caso de uso.<\/p><\/div><\/div>\t\t\t\t<\/div>\n\t\t\t\t<\/div>\n\t\t\t\t<\/div>\n\t\t<div class=\"elementor-element elementor-element-20b709ef e-con-full e-flex elementor-invisible e-con e-child\" data-id=\"20b709ef\" data-element_type=\"container\" data-e-type=\"container\" data-settings=\"{&quot;background_background&quot;:&quot;classic&quot;,&quot;animation&quot;:&quot;fadeInUp&quot;}\">\n\t\t\t\t<div class=\"elementor-element elementor-element-78dbc8ef elementor-widget elementor-widget-shortcode\" data-id=\"78dbc8ef\" data-element_type=\"widget\" data-e-type=\"widget\" data-widget_type=\"shortcode.default\">\n\t\t\t\t<div class=\"elementor-widget-container\">\n\t\t\t\t\t\t\t<div class=\"elementor-shortcode\">\n<div class=\"wpcf7 no-js\" id=\"wpcf7-f19718-o1\" lang=\"es-AR\" dir=\"ltr\" data-wpcf7-id=\"19718\">\n<div class=\"screen-reader-response\"><p role=\"status\" aria-live=\"polite\" aria-atomic=\"true\"><\/p> <ul><\/ul><\/div>\n<form action=\"\/es\/wp-json\/wp\/v2\/pages\/19857#wpcf7-f19718-o1\" method=\"post\" class=\"wpcf7-form init\" aria-label=\"de contacto\" novalidate=\"novalidate\" data-status=\"init\" data-trp-original-action=\"\/es\/wp-json\/wp\/v2\/pages\/19857#wpcf7-f19718-o1\">\n<fieldset class=\"hidden-fields-container\"><input type=\"hidden\" name=\"_wpcf7\" value=\"19718\" \/><input type=\"hidden\" name=\"_wpcf7_version\" value=\"6.1.2\" \/><input type=\"hidden\" name=\"_wpcf7_locale\" value=\"es_AR\" \/><input type=\"hidden\" name=\"_wpcf7_unit_tag\" value=\"wpcf7-f19718-o1\" \/><input type=\"hidden\" name=\"_wpcf7_container_post\" value=\"0\" \/><input type=\"hidden\" name=\"_wpcf7_posted_data_hash\" value=\"\" \/><input type=\"hidden\" name=\"_wpcf7_recaptcha_response\" value=\"\" \/>\n<\/fieldset>\n<div class=\"row g-4\">\n\t<div class=\"col-sm-6\">\n\t\t<p><label class=\"form-label text-light opacity-100\"> Nombre <\/label><br \/>\n<span class=\"wpcf7-form-control-wrap\" data-name=\"your-name\"><input size=\"40\" maxlength=\"400\" class=\"wpcf7-form-control wpcf7-text wpcf7-validates-as-required form-control lg text-light bg-transparent\" aria-required=\"true\" aria-invalid=\"false\" placeholder=\"Su nombre*\" value=\"\" type=\"text\" name=\"your-name\" \/><\/span>\n\t\t<\/p>\n\t<\/div>\n\t<div class=\"col-sm-6\">\n\t\t<p><label class=\"form-label text-light\"> Correo electr\u00f3nico <\/label><br \/>\n<span class=\"wpcf7-form-control-wrap\" data-name=\"your-email\"><input size=\"40\" maxlength=\"400\" class=\"wpcf7-form-control wpcf7-email wpcf7-validates-as-required wpcf7-text wpcf7-validates-as-email form-control lg text-light bg-transparent\" aria-required=\"true\" aria-invalid=\"false\" placeholder=\"Direcci\u00f3n de correo electr\u00f3nico*\" value=\"\" type=\"email\" name=\"your-email\" \/><\/span>\n\t\t<\/p>\n\t<\/div>\n\t<div class=\"col-sm-6\">\n\t\t<p><label class=\"form-label text-light\"> Compa\u00f1\u00eda <\/label><br \/>\n<span class=\"wpcf7-form-control-wrap\" data-name=\"your\"><input size=\"40\" maxlength=\"400\" class=\"wpcf7-form-control wpcf7-text form-control lg text-light bg-transparent\" aria-invalid=\"false\" placeholder=\"nombre de empresa\" value=\"\" type=\"text\" name=\"your\" \/><\/span>\n\t\t<\/p>\n\t<\/div>\n\t<div class=\"col-sm-12\">\n\t\t<p><label class=\"form-label text-light\"> Cu\u00e9ntanos un poco sobre tu caso de uso <\/label><br \/>\n<span class=\"wpcf7-form-control-wrap\" data-name=\"Project\"><textarea cols=\"40\" rows=\"10\" maxlength=\"2000\" class=\"wpcf7-form-control wpcf7-textarea form-control light message\" aria-invalid=\"false\" placeholder=\"Escribe aqu\u00ed\" name=\"Project\"><\/textarea><\/span>\n\t\t<\/p>\n\t<\/div>\n\t<div class=\"col-sm-12 text-center pt-4\" >\n\t\t<p><input class=\"wpcf7-form-control wpcf7-submit has-spinner btn btn-lg btn-whites font--medium px-xl-5 px-4\" type=\"submit\" value=\"ENVIAR\" \/>\n\t\t<\/p>\n\t<\/div>\n<\/div><div class=\"wpcf7-response-output\" aria-hidden=\"true\"><\/div>\n<input type=\"hidden\" name=\"trp-form-language\" value=\"es\"\/><\/form>\n<\/div>\n<\/div>\n\t\t\t\t\t\t<\/div>\n\t\t\t\t<\/div>\n\t\t\t\t<\/div>\n\t\t\t\t<\/div>\n\t\t\t\t<\/div>","protected":false},"excerpt":{"rendered":"<p>Cases Explore some of our recent experiments and products. AI Agency An experimental Agentic Framework where a team of AI and human participants brainstorm ideas for concrete creative challenges. A Director can guide the AI Agents from a custom Control [&hellip;]<\/p>\n","protected":false},"author":1,"featured_media":0,"parent":0,"menu_order":0,"comment_status":"closed","ping_status":"closed","template":"","meta":{"footnotes":""},"class_list":["post-19857","page","type-page","status-publish","hentry","entry"],"_links":{"self":[{"href":"https:\/\/www.beyondprompting.com\/es\/wp-json\/wp\/v2\/pages\/19857","targetHints":{"allow":["GET"]}}],"collection":[{"href":"https:\/\/www.beyondprompting.com\/es\/wp-json\/wp\/v2\/pages"}],"about":[{"href":"https:\/\/www.beyondprompting.com\/es\/wp-json\/wp\/v2\/types\/page"}],"author":[{"embeddable":true,"href":"https:\/\/www.beyondprompting.com\/es\/wp-json\/wp\/v2\/users\/1"}],"replies":[{"embeddable":true,"href":"https:\/\/www.beyondprompting.com\/es\/wp-json\/wp\/v2\/comments?post=19857"}],"version-history":[{"count":90,"href":"https:\/\/www.beyondprompting.com\/es\/wp-json\/wp\/v2\/pages\/19857\/revisions"}],"predecessor-version":[{"id":20022,"href":"https:\/\/www.beyondprompting.com\/es\/wp-json\/wp\/v2\/pages\/19857\/revisions\/20022"}],"wp:attachment":[{"href":"https:\/\/www.beyondprompting.com\/es\/wp-json\/wp\/v2\/media?parent=19857"}],"curies":[{"name":"gracias","href":"https:\/\/api.w.org\/{rel}","templated":true}]}}