{"id":17289,"date":"2024-03-04T15:48:27","date_gmt":"2024-03-04T18:48:27","guid":{"rendered":"https:\/\/www.beyondprompting.com\/?page_id=17289"},"modified":"2025-02-19T08:50:57","modified_gmt":"2025-02-19T11:50:57","slug":"contact","status":"publish","type":"page","link":"https:\/\/www.beyondprompting.com\/es\/contact\/","title":{"rendered":"Contacto"},"content":{"rendered":"<div data-elementor-type=\"wp-page\" data-elementor-id=\"17289\" class=\"elementor elementor-17289\">\n\t\t\t\t\t\t<section class=\"elementor-section elementor-top-section elementor-element elementor-element-23f4e958 section bg-light-info elementor-section-boxed elementor-section-height-default elementor-section-height-default\" data-id=\"23f4e958\" data-element_type=\"section\" data-e-type=\"section\">\n\t\t\t\t\t\t<div class=\"elementor-container elementor-column-gap-default\">\n\t\t\t\t\t<div class=\"elementor-column elementor-col-100 elementor-top-column elementor-element elementor-element-16c46f0\" data-id=\"16c46f0\" data-element_type=\"column\" data-e-type=\"column\">\n\t\t\t<div class=\"elementor-widget-wrap elementor-element-populated\">\n\t\t\t\t\t\t<div class=\"elementor-element elementor-element-34b5c184 col-xl-8 col-lg-10 col-md-12 text-center elementor-widget elementor-widget-killar-heading\" data-id=\"34b5c184\" data-element_type=\"widget\" data-e-type=\"widget\" data-widget_type=\"killar-heading.default\">\n\t\t\t\t<div class=\"elementor-widget-container\">\n\t\t\t\t\t<div id=\"killar-heading-69f050990f4dd\" class=\"killar-element killar-heading txt-center\">\n\t<div class=\"kwt-heading\"><h1 class=\"bx-title\">Hablemos<span class=\"text-primary\">.<\/span><\/h1><p class=\"bx-content m-0\">Te invitamos a compartir tus ideas y preguntas con nosotros. Nuestro trabajo es un esfuerzo colaborativo, basado en la aplicaci\u00f3n pr\u00e1ctica de la tecnolog\u00eda para resolver problemas del mundo real. Tu perspectiva es la chispa; encendamos juntos el futuro de la tecnolog\u00eda inteligente.<\/p><\/div><\/div>\t\t\t\t<\/div>\n\t\t\t\t<\/div>\n\t\t\t\t\t<\/div>\n\t\t<\/div>\n\t\t\t\t\t<\/div>\n\t\t<\/section>\n\t\t\t\t<section class=\"elementor-section elementor-top-section elementor-element elementor-element-29c11daf elementor-section-full_width section pt-0 elementor-section-height-default elementor-section-height-default\" data-id=\"29c11daf\" data-element_type=\"section\" data-e-type=\"section\">\n\t\t\t\t\t\t<div class=\"elementor-container elementor-column-gap-no\">\n\t\t\t\t\t<div class=\"elementor-column elementor-col-100 elementor-top-column elementor-element elementor-element-42d250ee\" data-id=\"42d250ee\" data-element_type=\"column\" data-e-type=\"column\">\n\t\t\t<div class=\"elementor-widget-wrap elementor-element-populated\">\n\t\t\t\t\t\t<div class=\"elementor-element elementor-element-31dca752 elementor-widget elementor-widget-killar-text\" data-id=\"31dca752\" data-element_type=\"widget\" data-e-type=\"widget\" data-widget_type=\"killar-text.default\">\n\t\t\t\t<div class=\"elementor-widget-container\">\n\t\t\t\t\t<div id=\"killar-text-69f05099101ba\" class=\"killar-element killar-text kwt-text\">\n\t<p class=\"bx-content\"><div class=\"position-absolute top-0 start-0 end-0 bg-light-info ht-200\"><\/div><\/p><\/div>\t\t\t\t<\/div>\n\t\t\t\t<\/div>\n\t\t\t\t<div class=\"elementor-section elementor-inner-section elementor-element elementor-element-2b2799a9 container card border-0 rounded-4 p-4 shadow elementor-section-boxed elementor-section-height-default elementor-section-height-default\" data-id=\"2b2799a9\" data-element_type=\"section\" data-e-type=\"section\">\n\t\t\t\t\t\t<div class=\"elementor-container elementor-column-gap-default\">\n\t\t\t\t\t<div class=\"elementor-column elementor-col-50 elementor-inner-column elementor-element elementor-element-5fcc9150 p-4 bg-info rounded-3 col-xl-5 col-lg-5 col-md-5\" data-id=\"5fcc9150\" data-element_type=\"column\" data-e-type=\"column\" data-settings=\"{&quot;background_background&quot;:&quot;classic&quot;}\">\n\t\t\t<div class=\"elementor-widget-wrap elementor-element-populated\">\n\t\t\t\t\t<div class=\"elementor-background-overlay\"><\/div>\n\t\t\t\t\t\t<div class=\"elementor-element elementor-element-ee7e5f elementor-widget elementor-widget-killar-heading\" data-id=\"ee7e5f\" data-element_type=\"widget\" data-e-type=\"widget\" data-widget_type=\"killar-heading.default\">\n\t\t\t\t<div class=\"elementor-widget-container\">\n\t\t\t\t\t<div id=\"killar-heading-69f0509910ade\" class=\"killar-element killar-heading\">\n\t<div class=\"kwt-heading\"><h2 class=\"bx-title h4 text-light fw-bold mb-4\">Ponerse en contacto<\/h2><p class=\"bx-content text-light opacity-75\">Si tiene preguntas, necesita ayuda o simplemente quiere compartir sus opiniones, nos encantar\u00eda saber de usted. Comun\u00edquese con nosotros a trav\u00e9s de cualquiera de estos canales e iniciemos la conversaci\u00f3n.<\/p><\/div><\/div>\t\t\t\t<\/div>\n\t\t\t\t<\/div>\n\t\t\t\t<div class=\"elementor-element elementor-element-4bd3973 elementor-widget elementor-widget-killar-icon-list\" data-id=\"4bd3973\" data-element_type=\"widget\" data-e-type=\"widget\" data-widget_type=\"killar-icon-list.default\">\n\t\t\t\t<div class=\"elementor-widget-container\">\n\t\t\t\t\t<div id=\"killar-icon-list-69f05099120e2\" class=\"killar-element killar-icon-list p-0 m-0 mt-4\">\n\t<div class=\"kwt-icon-list w-100 kwt-bxim media-icon bxim-view-default bxim-pos-left\"><ul class=\"kwt-list no-list-style list-align-ver\"><li class=\"list-item icon-type-icon d-flex mb-3\"><span class=\"fbox-ico bx-im-wrap p-0\"><span class=\"fbx-icon bx-ico-img text-light fs-5 me-3\"><span class=\"list-icon fab fa-whatsapp\"><\/span><\/span><\/span><a href=\"tel:+529981840055\" class=\"bx-title text-light\">Ll\u00e1manos<br><span class=\"text-light fw-semibold\">+52 998 184 0055<\/span><\/a><\/li><li class=\"list-item icon-type-icon d-flex mb-3\"><span class=\"fbox-ico bx-im-wrap p-0\"><span class=\"fbx-icon bx-ico-img text-light fs-5 me-3\"><span class=\"list-icon fas fa-envelope\"><\/span><\/span><\/span><a href=\"mailto:info@beyondprompting.com\" class=\"bx-title text-light\">Env\u00edanos un correo electr\u00f3nico<br><span class=\"text-light fw-semibold\">info@beyondprompting.com<\/span><\/a><\/li><li class=\"list-item icon-type-icon d-flex mb-3\"><span class=\"fbox-ico bx-im-wrap p-0\"><span class=\"fbx-icon bx-ico-img text-light fs-5 me-3\"><span class=\"list-icon fas fa-search-location\"><\/span><\/span><\/span><a class=\"bx-title text-light\">Encu\u00e9ntranos<br><span class=\"text-light fw-semibold\">AV. Divisi\u00f3n Del Norte 324 - Colonia del Valle - CDMX<\/span><\/a><\/li><\/ul><\/div><\/div>\t\t\t\t<\/div>\n\t\t\t\t<\/div>\n\t\t\t\t\t<\/div>\n\t\t<\/div>\n\t\t\t\t<div class=\"elementor-column elementor-col-50 elementor-inner-column elementor-element elementor-element-2fd2a7e0 col-xl-7 col-lg-7 col-md-7\" data-id=\"2fd2a7e0\" data-element_type=\"column\" data-e-type=\"column\">\n\t\t\t<div class=\"elementor-widget-wrap elementor-element-populated\">\n\t\t\t\t\t\t<div class=\"elementor-element elementor-element-4b35ade elementor-widget elementor-widget-shortcode\" data-id=\"4b35ade\" data-element_type=\"widget\" data-e-type=\"widget\" data-widget_type=\"shortcode.default\">\n\t\t\t\t<div class=\"elementor-widget-container\">\n\t\t\t\t\t\t\t<div class=\"elementor-shortcode\">\n<div class=\"wpcf7 no-js\" id=\"wpcf7-f18300-o1\" lang=\"en-US\" dir=\"ltr\" data-wpcf7-id=\"18300\">\n<div class=\"screen-reader-response\"><p role=\"status\" aria-live=\"polite\" aria-atomic=\"true\"><\/p> <ul><\/ul><\/div>\n<form action=\"\/es\/wp-json\/wp\/v2\/pages\/17289#wpcf7-f18300-o1\" method=\"post\" class=\"wpcf7-form init\" aria-label=\"Contact form\" novalidate=\"novalidate\" data-status=\"init\" data-trp-original-action=\"\/es\/wp-json\/wp\/v2\/pages\/17289#wpcf7-f18300-o1\">\n<fieldset class=\"hidden-fields-container\"><input type=\"hidden\" name=\"_wpcf7\" value=\"18300\" \/><input type=\"hidden\" name=\"_wpcf7_version\" value=\"6.1.2\" \/><input type=\"hidden\" name=\"_wpcf7_locale\" value=\"en_US\" \/><input type=\"hidden\" name=\"_wpcf7_unit_tag\" value=\"wpcf7-f18300-o1\" \/><input type=\"hidden\" name=\"_wpcf7_container_post\" value=\"0\" \/><input type=\"hidden\" name=\"_wpcf7_posted_data_hash\" value=\"\" \/><input type=\"hidden\" name=\"_wpcf7_recaptcha_response\" value=\"\" \/>\n<\/fieldset>\n<div class=\"row g-4\">\n\t<div class=\"col-sm-12\">\n\t\t<p><label class=\"form-label\"> Nombre <\/label><br \/>\n<span class=\"wpcf7-form-control-wrap\" data-name=\"your-name\"><input size=\"40\" maxlength=\"400\" class=\"wpcf7-form-control wpcf7-text wpcf7-validates-as-required form-control\" aria-required=\"true\" aria-invalid=\"false\" placeholder=\"Su nombre *\" value=\"\" type=\"text\" name=\"your-name\" \/><\/span>\n\t\t<\/p>\n\t<\/div>\n\t<div class=\"col-sm-6\">\n\t\t<p><label class=\"form-label\"> Correo electr\u00f3nico <\/label><br \/>\n<span class=\"wpcf7-form-control-wrap\" data-name=\"your-email\"><input size=\"40\" maxlength=\"400\" class=\"wpcf7-form-control wpcf7-email wpcf7-validates-as-required wpcf7-text wpcf7-validates-as-email form-control\" aria-required=\"true\" aria-invalid=\"false\" placeholder=\"Direcci\u00f3n de correo electr\u00f3nico *\" value=\"\" type=\"email\" name=\"your-email\" \/><\/span>\n\t\t<\/p>\n\t<\/div>\n\t<div class=\"col-sm-6\">\n\t\t<p><label class=\"form-label\"> Compa\u00f1\u00eda <\/label><br \/>\n<span class=\"wpcf7-form-control-wrap\" data-name=\"your-company\"><input size=\"40\" maxlength=\"400\" class=\"wpcf7-form-control wpcf7-text form-control\" aria-invalid=\"false\" placeholder=\"nombre de empresa\" value=\"\" type=\"text\" name=\"your-company\" \/><\/span>\n\t\t<\/p>\n\t<\/div>\n\t<div class=\"col-sm-12\">\n\t\t<p><label class=\"form-label\"> Comentario <\/label><br \/>\n<span class=\"wpcf7-form-control-wrap\" data-name=\"comments\"><textarea cols=\"40\" rows=\"10\" maxlength=\"2000\" class=\"wpcf7-form-control wpcf7-textarea form-control message\" aria-invalid=\"false\" placeholder=\"Escribe tu comentario aqu\u00ed...\" name=\"comments\"><\/textarea><\/span>\n\t\t<\/p>\n\t<\/div>\n\t<div class=\"col-sm-12\">\n\t\t<p><span class=\"wpcf7-form-control-wrap\" data-name=\"agree\"><span class=\"wpcf7-form-control wpcf7-checkbox wpcf7-validates-as-required form-check-label\"><span class=\"wpcf7-list-item first last\"><input type=\"checkbox\" name=\"agree[]\" value=\"I agree to the Terms &amp; Conditions\" \/><span class=\"wpcf7-list-item-label\">acepto los t\u00e9rminos y condiciones<\/span><\/span><\/span><\/span>\n\t\t<\/p>\n\t<\/div>\n\t<div class=\"col-sm-12\" >\n\t\t<p><input class=\"wpcf7-form-control wpcf7-submit has-spinner btn btn-primary font--medium px-lg-4\" type=\"submit\" value=\"Enviar una solicitud\" \/>\n\t\t<\/p>\n\t<\/div>\n<\/div><div class=\"wpcf7-response-output\" aria-hidden=\"true\"><\/div>\n<input type=\"hidden\" name=\"trp-form-language\" value=\"es\"\/><\/form>\n<\/div>\n<\/div>\n\t\t\t\t\t\t<\/div>\n\t\t\t\t<\/div>\n\t\t\t\t\t<\/div>\n\t\t<\/div>\n\t\t\t\t\t<\/div>\n\t\t<\/div>\n\t\t\t\t\t<\/div>\n\t\t<\/div>\n\t\t\t\t\t<\/div>\n\t\t<\/section>\n\t\t\t\t<\/div>","protected":false},"excerpt":{"rendered":"<p>Lets Talk. We invite you to share your ideas and questions with us. Our work is a collaborative effort, grounded in the practical application of technology to solve real-world problems. Your perspective is the spark; let&#8217;s ignite the future of [&hellip;]<\/p>\n","protected":false},"author":1,"featured_media":0,"parent":0,"menu_order":0,"comment_status":"closed","ping_status":"closed","template":"elementor_header_footer","meta":{"footnotes":""},"class_list":["post-17289","page","type-page","status-publish","hentry","entry"],"_links":{"self":[{"href":"https:\/\/www.beyondprompting.com\/es\/wp-json\/wp\/v2\/pages\/17289","targetHints":{"allow":["GET"]}}],"collection":[{"href":"https:\/\/www.beyondprompting.com\/es\/wp-json\/wp\/v2\/pages"}],"about":[{"href":"https:\/\/www.beyondprompting.com\/es\/wp-json\/wp\/v2\/types\/page"}],"author":[{"embeddable":true,"href":"https:\/\/www.beyondprompting.com\/es\/wp-json\/wp\/v2\/users\/1"}],"replies":[{"embeddable":true,"href":"https:\/\/www.beyondprompting.com\/es\/wp-json\/wp\/v2\/comments?post=17289"}],"version-history":[{"count":46,"href":"https:\/\/www.beyondprompting.com\/es\/wp-json\/wp\/v2\/pages\/17289\/revisions"}],"predecessor-version":[{"id":19717,"href":"https:\/\/www.beyondprompting.com\/es\/wp-json\/wp\/v2\/pages\/17289\/revisions\/19717"}],"wp:attachment":[{"href":"https:\/\/www.beyondprompting.com\/es\/wp-json\/wp\/v2\/media?parent=17289"}],"curies":[{"name":"gracias","href":"https:\/\/api.w.org\/{rel}","templated":true}]}}